{"id":166,"date":"2016-06-22T15:12:37","date_gmt":"2016-06-22T15:12:37","guid":{"rendered":"http:\/\/min-bordeaux-brienne.fr\/?page_id=166"},"modified":"2016-11-16T17:02:24","modified_gmt":"2016-11-16T16:02:24","slug":"contact","status":"publish","type":"page","link":"https:\/\/min-bordeaux-brienne.fr\/en\/contact\/","title":{"rendered":"Contact"},"content":{"rendered":"[mk_page_section bg_image=&#8221;http:\/\/min-bordeaux-brienne.fr\/wp-content\/uploads\/2016\/06\/MIN-de-Bordeaux-Brienne-11.jpg&#8221; attachment=&#8221;fixed&#8221; bg_stretch=&#8221;true&#8221; bg_gradient=&#8221;horizontal&#8221; video_color_mask=&#8221;#d61c25&#8243; gr_end=&#8221;#ff7774&#8243; video_opacity=&#8221;0.8&#8243; min_height=&#8221;0&#8243; full_height=&#8221;true&#8221; el_class=&#8221;mincontact&#8221; sidebar=&#8221;sidebar-1&#8243; first_page=&#8221;false&#8221; last_page=&#8221;false&#8221;][vc_column][vc_column_text]\n<h1>Contact<\/h1>\n[\/vc_column_text][mk_divider style=&#8221;thin_solid&#8221; divider_width=&#8221;custom_width&#8221; custom_width=&#8221;30&#8243; thickness=&#8221;3&#8243; margin_top=&#8221;30&#8243; margin_bottom=&#8221;30&#8243;][vc_column_text disable_pattern=&#8221;false&#8221; align=&#8221;center&#8221; margin_bottom=&#8221;60&#8243;]\n<p style=\"color: white; line-height: 32px; font-size: 16px; letter-spacing: 1px;\">March\u00e9 d&#8217;Int\u00e9r\u00eat National de Bordeaux<br \/>\n(Market of National Interest of Bordeaux)<br \/>\n110 Quai de Paludate<br \/>\n33800 Bordeaux<br \/>\nFrance<\/p>\n<p style=\"color: white; line-height: 32px; font-size: 16px; letter-spacing: 1px;\">Email : <a href=\"mailto:contact@min-bordeaux-brienne.fr\">contact@min-bordeaux-brienne.fr<\/a><br \/>\nPhone: <a href=\"tel:+33556855275\">+33 5 56 85 52 75<\/a><br \/>\nFax: +33 5 56 49 66 65<\/p>\n[\/vc_column_text][vc_row_inner attached=&#8221;true&#8221;][vc_column_inner width=&#8221;1\/3&#8243;][mk_button dimension=&#8221;flat&#8221; corner_style=&#8221;full_rounded&#8221; size=&#8221;large&#8221; url=&#8221;#msg&#8221; align=&#8221;center&#8221; bg_color=&#8221;#ffffff&#8221; btn_hover_bg=&#8221;#f5f5f5&#8243; text_color=&#8221;dark&#8221;]CONTACT US[\/mk_button][\/vc_column_inner][vc_column_inner width=&#8221;1\/3&#8243;][mk_button dimension=&#8221;flat&#8221; corner_style=&#8221;full_rounded&#8221; size=&#8221;large&#8221; url=&#8221;#map&#8221; align=&#8221;center&#8221; bg_color=&#8221;#ffffff&#8221; btn_hover_bg=&#8221;#f5f5f5&#8243; text_color=&#8221;dark&#8221;]LOCATE US ON MAP[\/mk_button][\/vc_column_inner][vc_column_inner width=&#8221;1\/3&#8243;][mk_button dimension=&#8221;flat&#8221; corner_style=&#8221;full_rounded&#8221; size=&#8221;large&#8221; url=&#8221;\/map#B1-2&#8243; align=&#8221;center&#8221; bg_color=&#8221;#ffffff&#8221; text_color=&#8221;dark&#8221;]LOCATE OUR OFFICE[\/mk_button][\/vc_column_inner][\/vc_row_inner][\/vc_column][\/mk_page_section][mk_page_section bg_color=&#8221;#292a2d&#8221; min_height=&#8221;0&#8243; full_height=&#8221;true&#8221; padding_top=&#8221;60&#8243; padding_bottom=&#8221;60&#8243; section_id=&#8221;msg&#8221; sidebar=&#8221;sidebar-1&#8243; first_page=&#8221;false&#8221; last_page=&#8221;false&#8221;][vc_column][vc_column_text el_class=&#8221;.mincontact2&#8243;]\n<h2>CONTACT FORM<\/h2>\n[\/vc_column_text][vc_row_inner][vc_column_inner width=&#8221;1\/4&#8243;][\/vc_column_inner][vc_column_inner width=&#8221;1\/2&#8243;][vc_column_text disable_pattern=&#8221;false&#8221; align=&#8221;center&#8221; margin_bottom=&#8221;60&#8243;]<!--\n\n\n<p style=\"color: #898989;\">Cras tristique turpis justo, eu consequat sem adipiscing ut. Donec posuere bibendum metus. Quisque gravida luctus volutpat. Mauris interdum, lectus in dapibus molestie, quam felis sollicitudin mauris, sit amet tempus velit lectus nec lorem. Nullam vel mollis neque.<\/p>\n\n\n-->[\/vc_column_text][\/vc_column_inner][vc_column_inner width=&#8221;1\/4&#8243;][\/vc_column_inner][\/vc_row_inner][vc_row_inner][vc_column_inner width=&#8221;1\/6&#8243;][\/vc_column_inner][vc_column_inner width=&#8221;2\/3&#8243;][mk_contact_form skin=&#8221;light&#8221; email=&#8221;contact@min-bordeaux-brienne.fr&#8221;][\/vc_column_inner][vc_column_inner width=&#8221;1\/6&#8243;][\/vc_column_inner][\/vc_row_inner][\/vc_column][\/mk_page_section][vc_row fullwidth=&#8221;true&#8221; padding=&#8221;0&#8243; id=&#8221;map&#8221;][vc_column][mk_advanced_gmaps latitude=&#8221;44.82398&#8243; longitude=&#8221;-0.54497&#8243; address=&#8221;110 Quai de Paludate, 33800 Bordeaux&#8221; pin_icon=&#8221;\/wp-content\/uploads\/2016\/07\/google-maps-point.png&#8221; content_font_color=&#8221;#ffffff&#8221; map_height=&#8221;full&#8221; draggable=&#8221;false&#8221; modify_coloring=&#8221;true&#8221; hue=&#8221;#878787&#8243; saturation=&#8221;-100&#8243; parallax=&#8221;false&#8221;][\/vc_column][\/vc_row]","protected":false},"excerpt":{"rendered":"<p>[mk_page_section bg_image=&#8221;http:\/\/min-bordeaux-brienne.fr\/wp-content\/uploads\/2016\/06\/MIN-de-Bordeaux-Brienne-11.jpg&#8221; attachment=&#8221;fixed&#8221; bg_stretch=&#8221;true&#8221; bg_gradient=&#8221;horizontal&#8221; video_color_mask=&#8221;#d61c25&#8243; gr_end=&#8221;#ff7774&#8243; video_opacity=&#8221;0.8&#8243; min_height=&#8221;0&#8243; full_height=&#8221;true&#8221; el_class=&#8221;mincontact&#8221; sidebar=&#8221;sidebar-1&#8243; first_page=&#8221;false&#8221; last_page=&#8221;false&#8221;][vc_column][vc_column_text] Contact [\/vc_column_text][mk_divider style=&#8221;thin_solid&#8221; divider_width=&#8221;custom_width&#8221; custom_width=&#8221;30&#8243; thickness=&#8221;3&#8243; margin_top=&#8221;30&#8243; margin_bottom=&#8221;30&#8243;][vc_column_text disable_pattern=&#8221;false&#8221; align=&#8221;center&#8221; margin_bottom=&#8221;60&#8243;] March\u00e9 d&#8217;Int\u00e9r\u00eat National de Bordeaux (Market of National Interest of Bordeaux) 110 Quai de Paludate 33800 Bordeaux France Email : contact@min-bordeaux-brienne.fr Phone: +33 5 56 85 52 75 Fax: +33 [&hellip;]<\/p>\n","protected":false},"author":2,"featured_media":0,"parent":0,"menu_order":0,"comment_status":"closed","ping_status":"closed","template":"","meta":{"footnotes":""},"class_list":["post-166","page","type-page","status-publish","hentry"],"_links":{"self":[{"href":"https:\/\/min-bordeaux-brienne.fr\/en\/wp-json\/wp\/v2\/pages\/166","targetHints":{"allow":["GET"]}}],"collection":[{"href":"https:\/\/min-bordeaux-brienne.fr\/en\/wp-json\/wp\/v2\/pages"}],"about":[{"href":"https:\/\/min-bordeaux-brienne.fr\/en\/wp-json\/wp\/v2\/types\/page"}],"author":[{"embeddable":true,"href":"https:\/\/min-bordeaux-brienne.fr\/en\/wp-json\/wp\/v2\/users\/2"}],"replies":[{"embeddable":true,"href":"https:\/\/min-bordeaux-brienne.fr\/en\/wp-json\/wp\/v2\/comments?post=166"}],"version-history":[{"count":34,"href":"https:\/\/min-bordeaux-brienne.fr\/en\/wp-json\/wp\/v2\/pages\/166\/revisions"}],"predecessor-version":[{"id":920,"href":"https:\/\/min-bordeaux-brienne.fr\/en\/wp-json\/wp\/v2\/pages\/166\/revisions\/920"}],"wp:attachment":[{"href":"https:\/\/min-bordeaux-brienne.fr\/en\/wp-json\/wp\/v2\/media?parent=166"}],"curies":[{"name":"wp","href":"https:\/\/api.w.org\/{rel}","templated":true}]}}