{"id":108,"date":"2016-06-22T14:57:19","date_gmt":"2016-06-22T14:57:19","guid":{"rendered":"http:\/\/min-bordeaux-brienne.fr\/?page_id=108"},"modified":"2026-02-05T10:35:40","modified_gmt":"2026-02-05T09:35:40","slug":"sinstaller-sur-le-min","status":"publish","type":"page","link":"https:\/\/min-bordeaux-brienne.fr\/es\/sinstaller-sur-le-min\/","title":{"rendered":"Instalarse en el MIN"},"content":{"rendered":"<strong>\u00bfEs usted mayorista o productor y desea instalarse en el MIN de Burdeos Brienne?<\/strong><\/p>\n<p><span style=\"font-weight: 400;\">Cont\u00e1ctenos:<\/span><\/p>\n<ul>\n<li><span style=\"font-weight: 400;\">por tel\u00e9fono: +33 5 56 85 52 75 <\/span><\/li>\n<li><span style=\"font-weight: 400;\">o por email: <\/span><a href=\"mailto:contact@min-bordeaux-brienne.fr\"><span style=\"font-weight: 400;\">contact@min-bordeaux-brienne.fr<\/span><\/a><\/li>\n<\/ul>\n<p><span style=\"font-weight: 400;\">Veremos sus necesidades para ofrecerle una soluci\u00f3n adaptada.<\/span>","protected":false},"excerpt":{"rendered":"<p>\u00bfEs usted mayorista o productor y desea instalarse en el MIN de Burdeos Brienne? Cont\u00e1ctenos: por tel\u00e9fono: +33 5 56 85 52 75 o por email: contact@min-bordeaux-brienne.fr Veremos sus necesidades para ofrecerle una soluci\u00f3n adaptada.<\/p>\n","protected":false},"author":2,"featured_media":0,"parent":0,"menu_order":0,"comment_status":"closed","ping_status":"closed","template":"","meta":{"footnotes":""},"class_list":["post-108","page","type-page","status-publish","hentry"],"_links":{"self":[{"href":"https:\/\/min-bordeaux-brienne.fr\/es\/wp-json\/wp\/v2\/pages\/108","targetHints":{"allow":["GET"]}}],"collection":[{"href":"https:\/\/min-bordeaux-brienne.fr\/es\/wp-json\/wp\/v2\/pages"}],"about":[{"href":"https:\/\/min-bordeaux-brienne.fr\/es\/wp-json\/wp\/v2\/types\/page"}],"author":[{"embeddable":true,"href":"https:\/\/min-bordeaux-brienne.fr\/es\/wp-json\/wp\/v2\/users\/2"}],"replies":[{"embeddable":true,"href":"https:\/\/min-bordeaux-brienne.fr\/es\/wp-json\/wp\/v2\/comments?post=108"}],"version-history":[{"count":20,"href":"https:\/\/min-bordeaux-brienne.fr\/es\/wp-json\/wp\/v2\/pages\/108\/revisions"}],"predecessor-version":[{"id":1726,"href":"https:\/\/min-bordeaux-brienne.fr\/es\/wp-json\/wp\/v2\/pages\/108\/revisions\/1726"}],"wp:attachment":[{"href":"https:\/\/min-bordeaux-brienne.fr\/es\/wp-json\/wp\/v2\/media?parent=108"}],"curies":[{"name":"wp","href":"https:\/\/api.w.org\/{rel}","templated":true}]}}