{"id":1147,"date":"2019-03-29T11:17:51","date_gmt":"2019-03-29T10:17:51","guid":{"rendered":"https:\/\/min-bordeaux-brienne.fr\/?page_id=1147"},"modified":"2019-04-17T07:45:09","modified_gmt":"2019-04-17T06:45:09","slug":"appel-a-manifestation-dinteret","status":"publish","type":"page","link":"https:\/\/min-bordeaux-brienne.fr\/es\/appel-a-manifestation-dinteret\/","title":{"rendered":"(Fran\u00e7ais) APPEL A MANIFESTATION D\u2019INTERET"},"content":{"rendered":"<p class=\"qtranxs-available-languages-message qtranxs-available-languages-message-es\">Disculpa, pero esta entrada est\u00e1 disponible s\u00f3lo en <a href=\"https:\/\/min-bordeaux-brienne.fr\/fr\/wp-json\/wp\/v2\/pages\/1147\" class=\"qtranxs-available-language-link qtranxs-available-language-link-fr\" title=\"Fran\u00e7ais\">Fran\u00e7ais<\/a>.<\/p>","protected":false},"excerpt":{"rendered":"<p>Disculpa, pero esta entrada est\u00e1 disponible s\u00f3lo en Fran\u00e7ais.<\/p>\n","protected":false},"author":4,"featured_media":0,"parent":0,"menu_order":0,"comment_status":"closed","ping_status":"closed","template":"","meta":{"footnotes":""},"class_list":["post-1147","page","type-page","status-publish","hentry"],"_links":{"self":[{"href":"https:\/\/min-bordeaux-brienne.fr\/es\/wp-json\/wp\/v2\/pages\/1147","targetHints":{"allow":["GET"]}}],"collection":[{"href":"https:\/\/min-bordeaux-brienne.fr\/es\/wp-json\/wp\/v2\/pages"}],"about":[{"href":"https:\/\/min-bordeaux-brienne.fr\/es\/wp-json\/wp\/v2\/types\/page"}],"author":[{"embeddable":true,"href":"https:\/\/min-bordeaux-brienne.fr\/es\/wp-json\/wp\/v2\/users\/4"}],"replies":[{"embeddable":true,"href":"https:\/\/min-bordeaux-brienne.fr\/es\/wp-json\/wp\/v2\/comments?post=1147"}],"version-history":[{"count":3,"href":"https:\/\/min-bordeaux-brienne.fr\/es\/wp-json\/wp\/v2\/pages\/1147\/revisions"}],"predecessor-version":[{"id":1167,"href":"https:\/\/min-bordeaux-brienne.fr\/es\/wp-json\/wp\/v2\/pages\/1147\/revisions\/1167"}],"wp:attachment":[{"href":"https:\/\/min-bordeaux-brienne.fr\/es\/wp-json\/wp\/v2\/media?parent=1147"}],"curies":[{"name":"wp","href":"https:\/\/api.w.org\/{rel}","templated":true}]}}