{"id":139,"date":"2016-06-22T15:07:37","date_gmt":"2016-06-22T15:07:37","guid":{"rendered":"http:\/\/min-bordeaux-brienne.fr\/?page_id=139"},"modified":"2016-11-16T16:40:52","modified_gmt":"2016-11-16T15:40:52","slug":"services","status":"publish","type":"page","link":"https:\/\/min-bordeaux-brienne.fr\/es\/services\/","title":{"rendered":"Servicios"},"content":{"rendered":"<h2><span style=\"font-weight: 400;\">Le ofrecemos diversos servicios adaptables a sus necesidades:<\/span><\/h2>\n<ul>\n<li style=\"font-weight: 400;\"><span style=\"font-weight: 400;\">Una sala de reuni\u00f3n equipada (proyector, wifi&#8230;). Tarifas en funci\u00f3n del tiempo de uso.<\/span><\/li>\n<li><span style=\"font-weight: 400;\">Aparcamiento.<\/span><\/li>\n<li><span style=\"font-weight: 400;\">Espacios para exponer material o veh\u00edculos.<\/span><\/li>\n<li><span style=\"font-weight: 400;\">Disponibilidad exclusiva durante un periodo determinado de tiempo para descargas excepcionales.<\/span><\/li>\n<\/ul>","protected":false},"excerpt":{"rendered":"<p>Le ofrecemos diversos servicios adaptables a sus necesidades: Una sala de reuni\u00f3n equipada (proyector, wifi&#8230;). Tarifas en funci\u00f3n del tiempo de uso. Aparcamiento. Espacios para exponer material o veh\u00edculos. Disponibilidad exclusiva durante un periodo determinado de tiempo para descargas excepcionales.<\/p>\n","protected":false},"author":2,"featured_media":0,"parent":0,"menu_order":0,"comment_status":"closed","ping_status":"closed","template":"","meta":{"footnotes":""},"class_list":["post-139","page","type-page","status-publish","hentry"],"_links":{"self":[{"href":"https:\/\/min-bordeaux-brienne.fr\/es\/wp-json\/wp\/v2\/pages\/139","targetHints":{"allow":["GET"]}}],"collection":[{"href":"https:\/\/min-bordeaux-brienne.fr\/es\/wp-json\/wp\/v2\/pages"}],"about":[{"href":"https:\/\/min-bordeaux-brienne.fr\/es\/wp-json\/wp\/v2\/types\/page"}],"author":[{"embeddable":true,"href":"https:\/\/min-bordeaux-brienne.fr\/es\/wp-json\/wp\/v2\/users\/2"}],"replies":[{"embeddable":true,"href":"https:\/\/min-bordeaux-brienne.fr\/es\/wp-json\/wp\/v2\/comments?post=139"}],"version-history":[{"count":8,"href":"https:\/\/min-bordeaux-brienne.fr\/es\/wp-json\/wp\/v2\/pages\/139\/revisions"}],"predecessor-version":[{"id":910,"href":"https:\/\/min-bordeaux-brienne.fr\/es\/wp-json\/wp\/v2\/pages\/139\/revisions\/910"}],"wp:attachment":[{"href":"https:\/\/min-bordeaux-brienne.fr\/es\/wp-json\/wp\/v2\/media?parent=139"}],"curies":[{"name":"wp","href":"https:\/\/api.w.org\/{rel}","templated":true}]}}