{"id":166,"date":"2016-06-22T15:12:37","date_gmt":"2016-06-22T15:12:37","guid":{"rendered":"http:\/\/min-bordeaux-brienne.fr\/?page_id=166"},"modified":"2016-11-16T17:02:24","modified_gmt":"2016-11-16T16:02:24","slug":"contact","status":"publish","type":"page","link":"https:\/\/min-bordeaux-brienne.fr\/es\/contact\/","title":{"rendered":"Contacto"},"content":{"rendered":"[mk_page_section bg_image=\u00bbhttp:\/\/min-bordeaux-brienne.fr\/wp-content\/uploads\/2016\/06\/MIN-de-Bordeaux-Brienne-11.jpg\u00bb attachment=\u00bbfixed\u00bb bg_stretch=\u00bbtrue\u00bb bg_gradient=\u00bbhorizontal\u00bb video_color_mask=\u00bb#d61c25&#8243; gr_end=\u00bb#ff7774&#8243; video_opacity=\u00bb0.8&#8243; min_height=\u00bb0&#8243; full_height=\u00bbtrue\u00bb el_class=\u00bbmincontact\u00bb sidebar=\u00bbsidebar-1&#8243; first_page=\u00bbfalse\u00bb last_page=\u00bbfalse\u00bb][vc_column][vc_column_text]\n<h1>Contacto<\/h1>\n[\/vc_column_text][mk_divider style=\u00bbthin_solid\u00bb divider_width=\u00bbcustom_width\u00bb custom_width=\u00bb30&#8243; thickness=\u00bb3&#8243; margin_top=\u00bb30&#8243; margin_bottom=\u00bb30&#8243;][vc_column_text disable_pattern=\u00bbfalse\u00bb align=\u00bbcenter\u00bb margin_bottom=\u00bb60&#8243;]\n<p style=\"color: white; line-height: 32px; font-size: 16px; letter-spacing: 1px;\">March\u00e9 d&#8217;Int\u00e9r\u00eat National de Bordeaux<br \/>\n(Mercado de Inter\u00e9s Nacional de Burdeos)<br \/>\n110 Quai de Paludate<br \/>\n33800 Burdeos<br \/>\nFrancia<\/p>\n<p style=\"color: white; line-height: 32px; font-size: 16px; letter-spacing: 1px;\">Email: <a href=\"mailto:contact@min-bordeaux-brienne.fr\">contact@min-bordeaux-brienne.fr<\/a><br \/>\nTel\u00e9fono: <a href=\"tel:+33556855275\">+33 5 56 85 52 75<\/a><br \/>\nFax: +33 5 56 49 66 65<\/p>\n[\/vc_column_text][vc_row_inner attached=\u00bbtrue\u00bb][vc_column_inner width=\u00bb1\/3&#8243;][mk_button dimension=\u00bbflat\u00bb corner_style=\u00bbfull_rounded\u00bb size=\u00bblarge\u00bb url=\u00bb#msg\u00bb align=\u00bbcenter\u00bb bg_color=\u00bb#ffffff\u00bb btn_hover_bg=\u00bb#f5f5f5&#8243; text_color=\u00bbdark\u00bb]CONTACTO[\/mk_button][\/vc_column_inner][vc_column_inner width=\u00bb1\/3&#8243;][mk_button dimension=\u00bbflat\u00bb corner_style=\u00bbfull_rounded\u00bb size=\u00bblarge\u00bb url=\u00bb#map\u00bb align=\u00bbcenter\u00bb bg_color=\u00bb#ffffff\u00bb btn_hover_bg=\u00bb#f5f5f5&#8243; text_color=\u00bbdark\u00bb]LOCALIZACI\u00d3N[\/mk_button][\/vc_column_inner][vc_column_inner width=\u00bb1\/3&#8243;][mk_button dimension=\u00bbflat\u00bb corner_style=\u00bbfull_rounded\u00bb size=\u00bblarge\u00bb url=\u00bb\/map#B1-2&#8243; align=\u00bbcenter\u00bb bg_color=\u00bb#ffffff\u00bb text_color=\u00bbdark\u00bb]LOCALIZAR SECRETAR\u00cdA[\/mk_button][\/vc_column_inner][\/vc_row_inner][\/vc_column][\/mk_page_section][mk_page_section bg_color=\u00bb#292a2d\u00bb min_height=\u00bb0&#8243; full_height=\u00bbtrue\u00bb padding_top=\u00bb60&#8243; padding_bottom=\u00bb60&#8243; section_id=\u00bbmsg\u00bb sidebar=\u00bbsidebar-1&#8243; first_page=\u00bbfalse\u00bb last_page=\u00bbfalse\u00bb][vc_column][vc_column_text el_class=\u00bb.mincontact2&#8243;]\n<h2>FORMULARIO DE CONTACTO<\/h2>\n[\/vc_column_text][vc_row_inner][vc_column_inner width=\u00bb1\/4&#8243;][\/vc_column_inner][vc_column_inner width=\u00bb1\/2&#8243;][vc_column_text disable_pattern=\u00bbfalse\u00bb align=\u00bbcenter\u00bb margin_bottom=\u00bb60&#8243;]<!--\n\n\n<p style=\"color: #898989;\">Cras tristique turpis justo, eu consequat sem adipiscing ut. Donec posuere bibendum metus. Quisque gravida luctus volutpat. Mauris interdum, lectus in dapibus molestie, quam felis sollicitudin mauris, sit amet tempus velit lectus nec lorem. Nullam vel mollis neque.<\/p>\n\n\n-->[\/vc_column_text][\/vc_column_inner][vc_column_inner width=\u00bb1\/4&#8243;][\/vc_column_inner][\/vc_row_inner][vc_row_inner][vc_column_inner width=\u00bb1\/6&#8243;][\/vc_column_inner][vc_column_inner width=\u00bb2\/3&#8243;][mk_contact_form skin=\u00bblight\u00bb email=\u00bbcontact@min-bordeaux-brienne.fr\u00bb][\/vc_column_inner][vc_column_inner width=\u00bb1\/6&#8243;][\/vc_column_inner][\/vc_row_inner][\/vc_column][\/mk_page_section][vc_row fullwidth=\u00bbtrue\u00bb padding=\u00bb0&#8243; id=\u00bbmap\u00bb][vc_column][mk_advanced_gmaps latitude=\u00bb44.82398&#8243; longitude=\u00bb-0.54497&#8243; address=\u00bb110 Quai de Paludate, 33800 Bordeaux\u00bb pin_icon=\u00bb\/wp-content\/uploads\/2016\/07\/google-maps-point.png\u00bb content_font_color=\u00bb#ffffff\u00bb map_height=\u00bbfull\u00bb draggable=\u00bbfalse\u00bb modify_coloring=\u00bbtrue\u00bb hue=\u00bb#878787&#8243; saturation=\u00bb-100&#8243; parallax=\u00bbfalse\u00bb][\/vc_column][\/vc_row]","protected":false},"excerpt":{"rendered":"<p>[mk_page_section bg_image=\u00bbhttp:\/\/min-bordeaux-brienne.fr\/wp-content\/uploads\/2016\/06\/MIN-de-Bordeaux-Brienne-11.jpg\u00bb attachment=\u00bbfixed\u00bb bg_stretch=\u00bbtrue\u00bb bg_gradient=\u00bbhorizontal\u00bb video_color_mask=\u00bb#d61c25&#8243; gr_end=\u00bb#ff7774&#8243; video_opacity=\u00bb0.8&#8243; min_height=\u00bb0&#8243; full_height=\u00bbtrue\u00bb el_class=\u00bbmincontact\u00bb sidebar=\u00bbsidebar-1&#8243; first_page=\u00bbfalse\u00bb last_page=\u00bbfalse\u00bb][vc_column][vc_column_text] Contacto [\/vc_column_text][mk_divider style=\u00bbthin_solid\u00bb divider_width=\u00bbcustom_width\u00bb custom_width=\u00bb30&#8243; thickness=\u00bb3&#8243; margin_top=\u00bb30&#8243; margin_bottom=\u00bb30&#8243;][vc_column_text disable_pattern=\u00bbfalse\u00bb align=\u00bbcenter\u00bb margin_bottom=\u00bb60&#8243;] March\u00e9 d&#8217;Int\u00e9r\u00eat National de Bordeaux (Mercado de Inter\u00e9s Nacional de Burdeos) 110 Quai de Paludate 33800 Burdeos Francia Email: contact@min-bordeaux-brienne.fr Tel\u00e9fono: +33 5 56 85 52 75 Fax: +33 5 [&hellip;]<\/p>\n","protected":false},"author":2,"featured_media":0,"parent":0,"menu_order":0,"comment_status":"closed","ping_status":"closed","template":"","meta":{"footnotes":""},"class_list":["post-166","page","type-page","status-publish","hentry"],"_links":{"self":[{"href":"https:\/\/min-bordeaux-brienne.fr\/es\/wp-json\/wp\/v2\/pages\/166","targetHints":{"allow":["GET"]}}],"collection":[{"href":"https:\/\/min-bordeaux-brienne.fr\/es\/wp-json\/wp\/v2\/pages"}],"about":[{"href":"https:\/\/min-bordeaux-brienne.fr\/es\/wp-json\/wp\/v2\/types\/page"}],"author":[{"embeddable":true,"href":"https:\/\/min-bordeaux-brienne.fr\/es\/wp-json\/wp\/v2\/users\/2"}],"replies":[{"embeddable":true,"href":"https:\/\/min-bordeaux-brienne.fr\/es\/wp-json\/wp\/v2\/comments?post=166"}],"version-history":[{"count":34,"href":"https:\/\/min-bordeaux-brienne.fr\/es\/wp-json\/wp\/v2\/pages\/166\/revisions"}],"predecessor-version":[{"id":920,"href":"https:\/\/min-bordeaux-brienne.fr\/es\/wp-json\/wp\/v2\/pages\/166\/revisions\/920"}],"wp:attachment":[{"href":"https:\/\/min-bordeaux-brienne.fr\/es\/wp-json\/wp\/v2\/media?parent=166"}],"curies":[{"name":"wp","href":"https:\/\/api.w.org\/{rel}","templated":true}]}}