{"id":187,"date":"2016-06-24T14:07:04","date_gmt":"2016-06-24T14:07:04","guid":{"rendered":"http:\/\/min-bordeaux-brienne.fr\/?page_id=187"},"modified":"2016-11-22T17:19:22","modified_gmt":"2016-11-22T16:19:22","slug":"mentions-legales","status":"publish","type":"page","link":"https:\/\/min-bordeaux-brienne.fr\/es\/mentions-legales\/","title":{"rendered":"Mentions l\u00e9gales"},"content":{"rendered":"En conformidad con la ley 78-17 del 6 de enero 1978 (CNIL, Francia), los usuarios tienen en todo momento el derecho a acceder, modificar, rectificar y eliminar los datos personales que puedan afectarles. Para ejercer este derecho, env\u00ede un correo electr\u00f3nico a MIN.<\/p>\n<h2>Sitio web publicado por:<\/h2>\n<p>March\u00e9 d\u2019Int\u00e9r\u00eat National de Bordeaux<br \/>\n110 Quai de Paludate<br \/>\n33800 Bordeaux FRANCE<\/p>\n<p>Email: <a href=\"mailto:contact@min-bordeaux-brienne.fr\">contact@min-bordeaux-brienne.fr<\/a><br \/>\nTel\u00e9fono: <a href=\"tel:+33556855275\">05 56 85 52 75<\/a><br \/>\nFax: 05 56 49 66 65<\/p>\n<h2>Director de la publicaci\u00f3n:<\/h2>\n<p>Pierre Pichardie<\/p>\n<h2>Hosting:<\/h2>\n<p>OVH<br \/>\n2 rue Kellermann<br \/>\n59100 Roubaix<br \/>\nFrancia<\/p>\n<h2>Cookies<\/h2>\n<p>Uno o m\u00e1s archivos cookies pueden ser instalados de forma autom\u00e1tica en el equipo del usuario.<\/p>\n<p>La cookie es el equivalente de un peque\u00f1o archivo de texto almacenado en el terminal del usuario. Vigente desde hace m\u00e1s de 20 a\u00f1os, permiten a los desarrolladores de sitios web conservar datos del usuario con el fin de facilitar la navegaci\u00f3n y permitir algunas funcionalidades.<\/p>\n<p>La configuraci\u00f3n del explorador proporciona informaci\u00f3n acerca de la presencia de cookies. El usuario puede rechazar el uso de cookies. Todos los consejos e informaci\u00f3n sobre la gesti\u00f3n de las cookies est\u00e1n disponibles en el sitio web de la <a href=\"http:\/\/www.cnil.fr\/vos-droits\/vos-traces\/les-cookies\/conseils-aux-internautes\/\" target=\"_blank\">Comisi\u00f3n Nacional de Inform\u00e1tica y Libertades<\/a> (CNIL, Francia).<\/p>\n<p>&nbsp;","protected":false},"excerpt":{"rendered":"<p>En conformidad con la ley 78-17 del 6 de enero 1978 (CNIL, Francia), los usuarios tienen en todo momento el derecho a acceder, modificar, rectificar y eliminar los datos personales que puedan afectarles. Para ejercer este derecho, env\u00ede un correo electr\u00f3nico a MIN. Sitio web publicado por: March\u00e9 d\u2019Int\u00e9r\u00eat National de Bordeaux 110 Quai de [&hellip;]<\/p>\n","protected":false},"author":2,"featured_media":0,"parent":0,"menu_order":0,"comment_status":"closed","ping_status":"closed","template":"","meta":{"footnotes":""},"class_list":["post-187","page","type-page","status-publish","hentry"],"_links":{"self":[{"href":"https:\/\/min-bordeaux-brienne.fr\/es\/wp-json\/wp\/v2\/pages\/187","targetHints":{"allow":["GET"]}}],"collection":[{"href":"https:\/\/min-bordeaux-brienne.fr\/es\/wp-json\/wp\/v2\/pages"}],"about":[{"href":"https:\/\/min-bordeaux-brienne.fr\/es\/wp-json\/wp\/v2\/types\/page"}],"author":[{"embeddable":true,"href":"https:\/\/min-bordeaux-brienne.fr\/es\/wp-json\/wp\/v2\/users\/2"}],"replies":[{"embeddable":true,"href":"https:\/\/min-bordeaux-brienne.fr\/es\/wp-json\/wp\/v2\/comments?post=187"}],"version-history":[{"count":10,"href":"https:\/\/min-bordeaux-brienne.fr\/es\/wp-json\/wp\/v2\/pages\/187\/revisions"}],"predecessor-version":[{"id":928,"href":"https:\/\/min-bordeaux-brienne.fr\/es\/wp-json\/wp\/v2\/pages\/187\/revisions\/928"}],"wp:attachment":[{"href":"https:\/\/min-bordeaux-brienne.fr\/es\/wp-json\/wp\/v2\/media?parent=187"}],"curies":[{"name":"wp","href":"https:\/\/api.w.org\/{rel}","templated":true}]}}