{"id":2,"date":"2016-05-10T03:48:21","date_gmt":"2016-05-10T03:48:21","guid":{"rendered":"http:\/\/wp452m.a10-52-158-154.qa.plesk.ru\/wordpress\/?page_id=2"},"modified":"2026-04-30T10:04:00","modified_gmt":"2026-04-30T09:04:00","slug":"accueil","status":"publish","type":"page","link":"https:\/\/min-bordeaux-brienne.fr\/es\/","title":{"rendered":"Inicio"},"content":{"rendered":"[mk_page_section bg_image=\u00bb\/wp-content\/uploads\/2016\/07\/min-brienne-accueil_2.jpg\u00bb bg_position=\u00bbcenter bottom\u00bb bg_repeat=\u00bbno-repeat\u00bb bg_stretch=\u00bbtrue\u00bb enable_3d=\u00bbtrue\u00bb bg_video=\u00bbyes\u00bb mp4=\u00bb\/wp-content\/uploads\/videos\/MIN-Bordeaux-Brienne-TimeLapse3.mp4&#8243; webm=\u00bb\/wp-content\/uploads\/videos\/MIN-Bordeaux-Brienne-TimeLapse3.webm\u00bb poster_image=\u00bb\/wp-content\/uploads\/2016\/07\/min-brienne-accueil_2.jpg\u00bb video_opacity=\u00bb0&#8243; min_height=\u00bb500&#8243; js_vertical_centered=\u00bbtrue\u00bb el_class=\u00bbmaintitlebox\u00bb sidebar=\u00bbsidebar-1&#8243;][vc_column][vc_row_inner][vc_column_inner el_class=\u00bbmaingradientbox\u00bb width=\u00bb5\/12&#8243;][vc_raw_html]JTNDaDElM0UlMEElM0NpbWclMjBzcmMlM0QlMjIlMkZ3cC1jb250ZW50JTJGdXBsb2FkcyUyRjIwMTYlMkYxMSUyRmxlLW1pbi1kZS1ib3JkZWF1eC1icmllbm5lLXRpdGxlLnBuZyUyMiUyMGFsdCUzRCUyMkVsJTIwTUlOJTIwZGUlMjBCdXJkZW9zJTIwQnJpZW5uZSUyMiUyMCUyRiUzRSUwQSUzQyUyRmgxJTNFJTBBJTBBJTNDcCUzRUNyZWFkb3IlMjBkZSUyMHByb3hpbWlkYWQlM0MlMkZwJTNF[\/vc_raw_html][\/vc_column_inner][vc_column_inner width=\u00bb7\/12&#8243;][\/vc_column_inner][\/vc_row_inner][\/vc_column][\/mk_page_section][mk_page_section sidebar=\u00bbsidebar-1&#8243;][vc_column][vc_row_inner][vc_column_inner width=\u00bb1\/12&#8243;][\/vc_column_inner][vc_column_inner width=\u00bb5\/6&#8243;][vc_column_text el_class=\u00bbminis\u00bb]El <strong>MIN de Burdeos Brienne<\/strong> es un lugar reservado a profesionales en el que se distribuyen <strong>productos frescos alimentarios y no alimentarios<\/strong>. El MIN reagrupa en un espacio \u00fanico al conjunto de los actores del sector al por mayor.[\/vc_column_text][\/vc_column_inner][vc_column_inner width=\u00bb1\/12&#8243;][\/vc_column_inner][\/vc_row_inner][\/vc_column][\/mk_page_section][mk_page_section el_class=\u00bbminnewsoff\u00bb sidebar=\u00bbsidebar-1&#8243;][vc_column][vc_row_inner][vc_column_inner width=\u00bb1\/12&#8243;][\/vc_column_inner][vc_column_inner width=\u00bb5\/6&#8243;][vc_column_text el_class=\u00bbminis\u00bb]<img loading=\"lazy\" decoding=\"async\" class=\"size-medium wp-image-667 alignleft\" src=\"https:\/\/min-bordeaux-brienne.fr\/wp-content\/uploads\/2016\/09\/mega_menu-300x137.jpg\" alt=\"mega_menu\" width=\"300\" height=\"137\" srcset=\"https:\/\/min-bordeaux-brienne.fr\/wp-content\/uploads\/2016\/09\/mega_menu-300x137.jpg 300w, https:\/\/min-bordeaux-brienne.fr\/wp-content\/uploads\/2016\/09\/mega_menu.jpg 395w\" sizes=\"auto, (max-width: 300px) 100vw, 300px\" \/>Ce texte sert \u00e0 parler des nouveaut\u00e9s autour du <strong>MIN de Bordeaux Brienne<\/strong>. Class aptent taciti sociosqu ad litora torquent per conubia nostra, per inceptos himenaeos. Aenean egestas pretium quam, quis faucibus nisl vehicula ut. Suspendisse dignissim pellentesque leo nec tincidunt. Sed eu elit enim. Sed eu egestas nulla. Nam semper risus vitae laoreet maximus. Activer avec classe .minnewson ou d\u00e9sactiver avec classe .minnewsoff dans le bloc page section. Bonjour.[\/vc_column_text][\/vc_column_inner][vc_column_inner width=\u00bb1\/12&#8243;][\/vc_column_inner][\/vc_row_inner][\/vc_column][\/mk_page_section][mk_page_section bg_position=\u00bbcenter bottom\u00bb bg_repeat=\u00bbno-repeat\u00bb min_height=\u00bb500&#8243; el_class=\u00bbmiroir\u00bb sidebar=\u00bbsidebar-1&#8243;][vc_column][mk_padding_divider][vc_row_inner][vc_column_inner width=\u00bb2\/3&#8243;][vc_column_text]\n<h2>CREADOR<br \/>\nDE <span class=\"upper\">PROXIMIDAD<\/span><\/h2>\n[\/vc_column_text][vc_column_text]Gracias al <strong>mercado al por-mayor MIN<\/strong>,<br \/>\nobtengo mis suministros <strong>frescos y de calidad<\/strong> en la ciudad de Burdeos.[\/vc_column_text][\/vc_column_inner][vc_column_inner el_class=\u00bbfruit pepper\u00bb width=\u00bb1\/3&#8243;][mk_image src=\u00bb\/wp-content\/uploads\/2016\/06\/poivron.png\u00bb image_size=\u00bbfull\u00bb animation=\u00bbright-to-left\u00bb][\/vc_column_inner][\/vc_row_inner][\/vc_column][\/mk_page_section][mk_page_section bg_image=\u00bbhttps:\/\/min-bordeaux-brienne.fr\/wp-content\/uploads\/2016\/05\/saison01.jpg\u00bb bg_position=\u00bbcenter center\u00bb bg_stretch=\u00bbtrue\u00bb video_color_mask=\u00bb#e61c4a\u00bb video_opacity=\u00bb0&#8243; min_height=\u00bb442&#8243; el_class=\u00bbseasonmin minborder\u00bb sidebar=\u00bbsidebar-1&#8243;][vc_column][vc_row_inner][vc_column_inner width=\u00bb1\/6&#8243;][\/vc_column_inner][vc_column_inner width=\u00bb2\/3&#8243;][vc_column_text disable_pattern=\u00bbfalse\u00bb align=\u00bbcenter\u00bb]M\u00e1s de 150.000 toneladas de productos frescos pasan por el MIN cada a\u00f1o.[\/vc_column_text][\/vc_column_inner][vc_column_inner width=\u00bb1\/6&#8243;][\/vc_column_inner][\/vc_row_inner][\/vc_column][\/mk_page_section][mk_page_section bg_position=\u00bbcenter bottom\u00bb bg_repeat=\u00bbno-repeat\u00bb min_height=\u00bb660&#8243; el_class=\u00bbciteduvin\u00bb sidebar=\u00bbsidebar-1&#8243;][vc_column][vc_row_inner][vc_column_inner][mk_padding_divider][\/vc_column_inner][\/vc_row_inner][vc_row_inner][vc_column_inner el_class=\u00bbfruit\u00bb width=\u00bb1\/4&#8243;][mk_padding_divider visibility=\u00bbhidden-sm\u00bb][mk_image src=\u00bb\/wp-content\/uploads\/2016\/06\/poire.png\u00bb image_size=\u00bbfull\u00bb animation=\u00bbleft-to-right\u00bb][\/vc_column_inner][vc_column_inner el_class=\u00bbfiftyyears\u00bb width=\u00bb3\/4&#8243;][mk_padding_divider size=\u00bb50&#8243;][vc_column_text]\n<h3>EL MIN DE BURDEOS BRIENNE<br \/>\n<span class=\"upper\">50 A\u00d1OS DE FRESCURA<\/span><\/h3>\n[\/vc_column_text][vc_column_text title=\u00bbPluralidad en los circuitos de distribuci\u00f3n\u00bb disable_pattern=\u00bbfalse\u00bb el_class=\u00bbstrongpoint\u00bb]El MIN es un eslab\u00f3n indispensable entre la producci\u00f3n, el comercio local y el sector de la restauraci\u00f3n. El rol de los mayoristas es esencial para el mantenimiento del comercio local independiente, el cual se beneficia de una gran variedad de productos y de precios competitivos.[\/vc_column_text][vc_column_text title=\u00bbCircuitos de proximidad\u00bb disable_pattern=\u00bbfalse\u00bb el_class=\u00bbstrongpoint\u00bb]El MIN es punto neur\u00e1lgico del comercio de proximidad. El valor a\u00f1adido para los consumidores es incontestable gracias a sus productos de calidad.[\/vc_column_text][vc_column_text title=\u00bbDiversidad de la oferta\u00bb disable_pattern=\u00bbfalse\u00bb el_class=\u00bbstrongpoint\u00bb]Los vendedores presentes en el MIN ofrecen una gran diversidad de productos. Esta oferta se encuentra a la altura de las exigencias de numerosos tipos de clientes (mercados al aire libre, minoristas, grandes y peque\u00f1as superficies, restaurantes&#8230;). La puesta en marcha de estrategias de diferenciaci\u00f3n favorece una larga gama y una oferta diversa.[\/vc_column_text][vc_column_text title=\u00bbM\u00e1s de 100 empresas\u00bb disable_pattern=\u00bbfalse\u00bb el_class=\u00bbstrongpoint\u00bb]La oferta del MIN de Burdeos Brienne es muy variada y se extiende m\u00e1s all\u00e1 de los productos hort\u00edcolas y accesorios.[\/vc_column_text][\/vc_column_inner][\/vc_row_inner][\/vc_column][\/mk_page_section][mk_page_section bg_image=\u00bb\/wp-content\/uploads\/2016\/07\/pommes.jpg\u00bb bg_position=\u00bbcenter center\u00bb bg_stretch=\u00bbtrue\u00bb bg_video=\u00bbyes\u00bb mp4=\u00bb\/wp-content\/uploads\/videos\/MIN-Bordeaux-Brienne2.mp4&#8243; webm=\u00bb\/wp-content\/uploads\/videos\/MIN-Bordeaux-Brienne2.webm\u00bb poster_image=\u00bb\/wp-content\/uploads\/2016\/06\/pommes.jpg\u00bb bg_gradient=\u00bbhorizontal\u00bb video_color_mask=\u00bb#e61c4a\u00bb gr_end=\u00bb#f85e56&#8243; video_opacity=\u00bb0.8&#8243; min_height=\u00bb607&#8243; el_class=\u00bbminborder minexperts\u00bb sidebar=\u00bbsidebar-1&#8243;][vc_column][vc_row_inner is_fullwidth_content=\u00bbfalse\u00bb][vc_column_inner el_class=\u00bbminexpertsleft\u00bb width=\u00bb7\/12&#8243;][vc_column_text]\n<h3>ACCEDA AL<br \/>\n<span class=\"upper\">MERCADO DE LOS MERCADOS<\/span><\/h3>\n[\/vc_column_text][vc_column_text]\u00bfEs usted un profesional, un comit\u00e9 de empresa, una administraci\u00f3n?<\/p>\n<p>Para acceder al mercado del MIN de Burdeos Brienne, debe poseer la TARJETA DE COMPRADOR.<\/p>\n<p>Esta tarjeta es gratuita. Le permite identificarse para acceder al MIN y as\u00ed beneficiarse de tarifas preferenciales.[\/vc_column_text][\/vc_column_inner][vc_column_inner el_class=\u00bbminexpertsright\u00bb width=\u00bb5\/12&#8243;][vc_column_text disable_pattern=\u00bbfalse\u00bb align=\u00bbcenter\u00bb]<img loading=\"lazy\" decoding=\"async\" class=\"alignnone size-full wp-image-190\" src=\"\/wp-content\/uploads\/2016\/06\/Logotype-Min-Bordeaux-Brienne.gif\" alt=\"Logotype Min Bordeaux Brienne\" width=\"151\" height=\"83\" \/><br \/>\n<img loading=\"lazy\" decoding=\"async\" class=\"alignnone size-full wp-image-7987\" src=\"\/wp-content\/uploads\/2016\/06\/hline3.gif\" alt=\"hline2\" width=\"81\" height=\"2\" \/><\/p>\n<h4>Obtenga sur<br \/>\nTARJETA DE COMPRADOR<\/h4>\n<p>\u00a1Indispensable para acceder<br \/>\ny comprar en el MIN!<span style=\"border-radius: 2px; text-indent: 20px; width: auto; padding: 0px 4px 0px 0px; text-align: center; font: bold 11px\/20px 'Helvetica Neue',Helvetica,sans-serif; color: #ffffff; background: #bd081c no-repeat scroll 3px 50% \/ 14px 14px; position: absolute; opacity: 1; z-index: 8675309; display: none; cursor: pointer;\">Save<\/span>[\/vc_column_text][mk_button_gradient dimension=\u00bbflat\u00bb size=\u00bblarge\u00bb corner_style=\u00bbfull_rounded\u00bb grandient_color_from=\u00bb#e71a40&#8243; grandient_color_to=\u00bb#fc5f5b\u00bb grandient_color_angle=\u00bbhorizontal\u00bb grandient_color_fallback=\u00bb#e71a40&#8243; url=\u00bbhttp:\/\/min-bordeaux-brienne.fr\/devenir-acheteur\/\u00bb align=\u00bbcenter\u00bb button_custom_width=\u00bb185&#8243;]M\u00c1S INFORMACI\u00d3N[\/mk_button_gradient][\/vc_column_inner][\/vc_row_inner][\/vc_column][\/mk_page_section][vc_row][vc_column][mk_padding_divider size=\u00bb50&#8243;][\/vc_column][\/vc_row][vc_row fullwidth=\u00bbtrue\u00bb][vc_column width=\u00bb1\/2&#8243;][mk_advanced_gmaps latitude=\u00bb44.8235035&#8243; longitude=\u00bb-0.5480672&#8243; address=\u00bbMIN de Brienne Bordeaux, Quai de Paludate, 33800 Bordeaux\u00bb pin_icon=\u00bb\/wp-content\/uploads\/2016\/07\/google-maps-point.png\u00bb content_font_color=\u00bb#ffffff\u00bb height=\u00bb480&#8243; draggable=\u00bbfalse\u00bb modify_coloring=\u00bbtrue\u00bb hue=\u00bb#878787&#8243; saturation=\u00bb-100&#8243;][\/vc_column][vc_column width=\u00bb1\/2&#8243;][mk_padding_divider visibility=\u00bbhidden-tl-v2&#8243;][vc_column_text disable_pattern=\u00bbfalse\u00bb el_class=\u00bbsectext\u00bb]\n<h3><span class=\"upper\">Localizaci\u00f3n<\/span><\/h3>\n<p>El MIN de Burdeos Brienne est\u00e1 situado en las puertas de Burdeos.<br \/>\nSe encuentra a proximidad de la circunvalaci\u00f3n (Rocade, salida 21) y cerca de la estaci\u00f3n de tren Gare Saint-Jean.<\/p>\n<p><strong>MIN de Bordeaux Brienne<\/strong><br \/>\n<strong>110 Quai de Paludate, <\/strong><br \/>\n<strong>33800 Burdeos FRANCIA<br \/>\n<\/strong><\/p>\n<p><a href=\"https:\/\/goo.gl\/maps\/SqDHZ2VZiDP2\" target=\"_blank\" rel=\"noopener noreferrer\">Mostrar en Google Maps<\/a>.<br \/>\n<a href=\"\/map\/#B1-2\">Localizar nuestra oficina en el MIN.<\/a><\/p>\n<p>Tel\u00e9fono: <a class=\"mincontacthome\" href=\"tel:+33556855275\">+33 (0) 5 56 85 52 75<\/a><br \/>\nEmail: <a class=\"mincontacthome\" href=\"mailto:contact@min-brienne-bordeaux.fr\">contact@min-brienne-bordeaux.fr<\/a>[\/vc_column_text][\/vc_column][\/vc_row][vc_row][vc_column][mk_padding_divider size=\u00bb50&#8243;][\/vc_column][\/vc_row][mk_page_section full_width=\u00bbtrue\u00bb padding_top=\u00bb0&#8243; padding_bottom=\u00bb0&#8243; el_class=\u00bbcoulisses\u00bb sidebar=\u00bbsidebar-1&#8243;][vc_column el_class=\u00bbmintable\u00bb][vc_row_inner][vc_column_inner el_class=\u00bbmingradientbox2&#8243; width=\u00bb1\/2&#8243;][vc_raw_html el_class=\u00bbminboxgradient2 minborder\u00bb]JTNDaDMlM0VFTCUyME1JTiUyMGRlJTNDYnIlMkYlM0VCdXJkZW9zJTNDYnIlMkYlM0UlMjBCcmllbm5lJTIwJTNDYnIlMkYlM0UlMjBlbiUyMGFjY2klQzMlQjNuJTNDJTJGaDMlM0UlMEElMEElMEElM0NpbWclMjBzcmMlM0QlMjIlMkZ3cC1jb250ZW50JTJGdXBsb2FkcyUyRjIwMTYlMkYxMSUyRmZsZWNoZS5wbmclMjIlMjBjbGFzcyUzRCUyMm1pbmFycm93JTIyJTIwJTJGJTNF[\/vc_raw_html][\/vc_column_inner][vc_column_inner el_class=\u00bbminphotos\u00bb width=\u00bb1\/2&#8243;][mk_gallery images=\u00bb82,84,834,78&#8243; column=\u00bb2&#8243; image_size=\u00bbfull\u00bb item_spacing=\u00bb0&#8243; margin_bottom=\u00bb0&#8243;][\/vc_column_inner][\/vc_row_inner][\/vc_column][\/mk_page_section]","protected":false},"excerpt":{"rendered":"<p>[mk_page_section bg_image=\u00bb\/wp-content\/uploads\/2016\/07\/min-brienne-accueil_2.jpg\u00bb bg_position=\u00bbcenter bottom\u00bb bg_repeat=\u00bbno-repeat\u00bb bg_stretch=\u00bbtrue\u00bb enable_3d=\u00bbtrue\u00bb bg_video=\u00bbyes\u00bb mp4=\u00bb\/wp-content\/uploads\/videos\/MIN-Bordeaux-Brienne-TimeLapse3.mp4&#8243; webm=\u00bb\/wp-content\/uploads\/videos\/MIN-Bordeaux-Brienne-TimeLapse3.webm\u00bb poster_image=\u00bb\/wp-content\/uploads\/2016\/07\/min-brienne-accueil_2.jpg\u00bb video_opacity=\u00bb0&#8243; min_height=\u00bb500&#8243; js_vertical_centered=\u00bbtrue\u00bb el_class=\u00bbmaintitlebox\u00bb sidebar=\u00bbsidebar-1&#8243;][vc_column][vc_row_inner][vc_column_inner el_class=\u00bbmaingradientbox\u00bb width=\u00bb5\/12&#8243;][vc_raw_html]JTNDaDElM0UlMEElM0NpbWclMjBzcmMlM0QlMjIlMkZ3cC1jb250ZW50JTJGdXBsb2FkcyUyRjIwMTYlMkYxMSUyRmxlLW1pbi1kZS1ib3JkZWF1eC1icmllbm5lLXRpdGxlLnBuZyUyMiUyMGFsdCUzRCUyMkVsJTIwTUlOJTIwZGUlMjBCdXJkZW9zJTIwQnJpZW5uZSUyMiUyMCUyRiUzRSUwQSUzQyUyRmgxJTNFJTBBJTBBJTNDcCUzRUNyZWFkb3IlMjBkZSUyMHByb3hpbWlkYWQlM0MlMkZwJTNF[\/vc_raw_html][\/vc_column_inner][vc_column_inner width=\u00bb7\/12&#8243;][\/vc_column_inner][\/vc_row_inner][\/vc_column][\/mk_page_section][mk_page_section sidebar=\u00bbsidebar-1&#8243;][vc_column][vc_row_inner][vc_column_inner width=\u00bb1\/12&#8243;][\/vc_column_inner][vc_column_inner width=\u00bb5\/6&#8243;][vc_column_text el_class=\u00bbminis\u00bb]El MIN de Burdeos Brienne es un lugar reservado a profesionales en el que se distribuyen productos frescos alimentarios y no alimentarios. El MIN reagrupa en un espacio \u00fanico al conjunto de los [&hellip;]<\/p>\n","protected":false},"author":4,"featured_media":652,"parent":0,"menu_order":0,"comment_status":"closed","ping_status":"open","template":"","meta":{"footnotes":""},"class_list":["post-2","page","type-page","status-publish","has-post-thumbnail","hentry"],"_links":{"self":[{"href":"https:\/\/min-bordeaux-brienne.fr\/es\/wp-json\/wp\/v2\/pages\/2","targetHints":{"allow":["GET"]}}],"collection":[{"href":"https:\/\/min-bordeaux-brienne.fr\/es\/wp-json\/wp\/v2\/pages"}],"about":[{"href":"https:\/\/min-bordeaux-brienne.fr\/es\/wp-json\/wp\/v2\/types\/page"}],"author":[{"embeddable":true,"href":"https:\/\/min-bordeaux-brienne.fr\/es\/wp-json\/wp\/v2\/users\/4"}],"replies":[{"embeddable":true,"href":"https:\/\/min-bordeaux-brienne.fr\/es\/wp-json\/wp\/v2\/comments?post=2"}],"version-history":[{"count":438,"href":"https:\/\/min-bordeaux-brienne.fr\/es\/wp-json\/wp\/v2\/pages\/2\/revisions"}],"predecessor-version":[{"id":1728,"href":"https:\/\/min-bordeaux-brienne.fr\/es\/wp-json\/wp\/v2\/pages\/2\/revisions\/1728"}],"wp:featuredmedia":[{"embeddable":true,"href":"https:\/\/min-bordeaux-brienne.fr\/es\/wp-json\/wp\/v2\/media\/652"}],"wp:attachment":[{"href":"https:\/\/min-bordeaux-brienne.fr\/es\/wp-json\/wp\/v2\/media?parent=2"}],"curies":[{"name":"wp","href":"https:\/\/api.w.org\/{rel}","templated":true}]}}